{"id":111685,"date":"2019-08-16T11:33:48","date_gmt":"2019-08-16T11:33:48","guid":{"rendered":"https:\/\/stg.prospect2rejoin.com\/los-estudios-prospect-2-y-rejoin\/"},"modified":"2024-04-24T19:03:14","modified_gmt":"2024-04-24T19:03:14","slug":"los-estudios-prospect-2-y-rejoin","status":"publish","type":"page","link":"https:\/\/stg.prospect2rejoin.com\/es-ar\/","title":{"rendered":"Los estudios PROSPECT-2 y REJOIN"},"content":{"rendered":"<p>[vc_row row_height_percent=&#8221;90&#8243; override_padding=&#8221;yes&#8221; h_padding=&#8221;2&#8243; top_padding=&#8221;5&#8243; bottom_padding=&#8221;5&#8243; back_color=&#8221;color-105898&#8243; back_image=&#8221;111057&#8243; back_position=&#8221;center top&#8221; overlay_alpha=&#8221;50&#8243; gutter_size=&#8221;4&#8243; column_width_percent=&#8221;100&#8243; shift_y=&#8221;0&#8243; z_index=&#8221;0&#8243; top_divider=&#8221;gradient&#8221; bottom_divider=&#8221;step_3_4&#8243; uncode_shortcode_id=&#8221;208925&#8243; back_color_type=&#8221;uncode-palette&#8221;][vc_column column_width_percent=&#8221;100&#8243; position_vertical=&#8221;middle&#8221; gutter_size=&#8221;6&#8243; style=&#8221;dark&#8221; overlay_alpha=&#8221;50&#8243; shift_x=&#8221;0&#8243; shift_y=&#8221;0&#8243; shift_y_down=&#8221;0&#8243; z_index=&#8221;0&#8243; medium_width=&#8221;0&#8243; mobile_width=&#8221;0&#8243; width=&#8221;1\/1&#8243; uncode_shortcode_id=&#8221;744311&#8243;][vc_row_inner row_inner_height_percent=&#8221;0&#8243; overlay_alpha=&#8221;50&#8243; gutter_size=&#8221;4&#8243; shift_y=&#8221;0&#8243; z_index=&#8221;0&#8243; inverted_device_order=&#8221;yes&#8221; limit_content=&#8221;&#8221;][vc_column_inner column_width_percent=&#8221;100&#8243; position_vertical=&#8221;middle&#8221; gutter_size=&#8221;2&#8243; style=&#8221;dark&#8221; overlay_alpha=&#8221;50&#8243; shift_x=&#8221;0&#8243; shift_y=&#8221;0&#8243; shift_y_down=&#8221;0&#8243; z_index=&#8221;0&#8243; medium_width=&#8221;4&#8243; align_mobile=&#8221;align_center_mobile&#8221; mobile_width=&#8221;0&#8243; width=&#8221;7\/12&#8243; uncode_shortcode_id=&#8221;128842&#8243;][vc_custom_heading heading_semantic=&#8221;h1&#8243; text_size=&#8221;fontsize-338686&#8243; text_space=&#8221;fontspace-781688&#8243; uncode_shortcode_id=&#8221;173855&#8243;]El estudio PROSPECT-2[\/vc_custom_heading][vc_custom_heading heading_semantic=&#8221;h3&#8243; text_size=&#8221;h3&#8243; text_weight=&#8221;400&#8243; text_height=&#8221;fontheight-357766&#8243; uncode_shortcode_id=&#8221;154265&#8243;]<span style=\"font-weight: 400;\">Estudio cl\u00ednico que prueba un medicamento experimental para ni\u00f1os y adolescentes con migra\u00f1a cr\u00f3nica<\/span>[\/vc_custom_heading][vc_empty_space empty_h=&#8221;1&#8243;][vc_button size=&#8221;btn-lg&#8221; border_width=&#8221;0&#8243; link=&#8221;url:%23study-description|title:Participe%20en%20el%20estudio&#8221; uncode_shortcode_id=&#8221;184894&#8243;]M\u00e1s informaci\u00f3n[\/vc_button][\/vc_column_inner][vc_column_inner column_width_percent=&#8221;100&#8243; position_vertical=&#8221;middle&#8221; gutter_size=&#8221;3&#8243; style=&#8221;dark&#8221; overlay_alpha=&#8221;50&#8243; shift_x=&#8221;0&#8243; shift_y=&#8221;0&#8243; shift_y_down=&#8221;0&#8243; z_index=&#8221;0&#8243; medium_width=&#8221;4&#8243; mobile_width=&#8221;0&#8243; width=&#8221;5\/12&#8243; uncode_shortcode_id=&#8221;845789&#8243;][vc_single_image media=&#8221;111061&#8243; media_width_percent=&#8221;100&#8243; alignment=&#8221;center&#8221; css_animation=&#8221;alpha-anim&#8221; uncode_shortcode_id=&#8221;197426&#8243;][\/vc_column_inner][\/vc_row_inner][\/vc_column][\/vc_row][vc_row row_height_percent=&#8221;0&#8243; override_padding=&#8221;yes&#8221; h_padding=&#8221;2&#8243; top_padding=&#8221;5&#8243; bottom_padding=&#8221;5&#8243; back_color=&#8221;color-xsdn&#8221; overlay_alpha=&#8221;50&#8243; gutter_size=&#8221;3&#8243; column_width_percent=&#8221;100&#8243; shift_y=&#8221;0&#8243; z_index=&#8221;0&#8243; uncode_shortcode_id=&#8221;128621&#8243; back_color_type=&#8221;uncode-palette&#8221; row_name=&#8221;study-description&#8221;][vc_column column_width_use_pixel=&#8221;yes&#8221; align_horizontal=&#8221;align_center&#8221; gutter_size=&#8221;3&#8243; overlay_alpha=&#8221;50&#8243; shift_x=&#8221;0&#8243; shift_y=&#8221;0&#8243; shift_y_down=&#8221;0&#8243; z_index=&#8221;0&#8243; medium_width=&#8221;0&#8243; mobile_width=&#8221;0&#8243; width=&#8221;1\/1&#8243; uncode_shortcode_id=&#8221;881793&#8243; column_width_pixel=&#8221;900&#8243;][vc_custom_heading heading_semantic=&#8221;h3&#8243; text_size=&#8221;fontsize-155944&#8243; uncode_shortcode_id=&#8221;198071&#8243;]\u00bfQu\u00e9 se est\u00e1 probando en el estudio?[\/vc_custom_heading][vc_column_text text_lead=&#8221;yes&#8221; uncode_shortcode_id=&#8221;855921&#8243;]El Estudio PROSPECT-2 est\u00e1 probando un medicamento experimental llamado eptinezumab para ver si puede prevenir con seguridad las migra\u00f1as en ni\u00f1os y adolescentes de 12 a 17 a\u00f1os. Los investigadores quieren saber si el eptinezumab puede reducir de forma segura el n\u00famero de d\u00edas de dolor de cabeza.[\/vc_column_text][vc_button button_color=&#8221;accent&#8221; size=&#8221;btn-link&#8221; icon_position=&#8221;right&#8221; link=&#8221;url:%23uys|title:Acerca%20del%20estudio&#8221; uncode_shortcode_id=&#8221;120190&#8243; button_color_type=&#8221;uncode-palette&#8221; icon=&#8221;fa fa-arrow-right2&#8243;]Obtenga m\u00e1s informaci\u00f3n sobre el estudio.[\/vc_button][\/vc_column][\/vc_row][vc_row row_height_percent=&#8221;0&#8243; override_padding=&#8221;yes&#8221; h_padding=&#8221;2&#8243; top_padding=&#8221;5&#8243; bottom_padding=&#8221;5&#8243; back_color=&#8221;color-143567&#8243; overlay_alpha=&#8221;50&#8243; gutter_size=&#8221;3&#8243; column_width_percent=&#8221;100&#8243; shift_y=&#8221;0&#8243; z_index=&#8221;0&#8243; uncode_shortcode_id=&#8221;945571&#8243; row_name=&#8221;uys&#8221; back_color_type=&#8221;uncode-palette&#8221;][vc_column column_width_use_pixel=&#8221;yes&#8221; align_horizontal=&#8221;align_center&#8221; gutter_size=&#8221;3&#8243; overlay_alpha=&#8221;50&#8243; shift_x=&#8221;0&#8243; shift_y=&#8221;0&#8243; shift_y_down=&#8221;0&#8243; z_index=&#8221;0&#8243; medium_width=&#8221;0&#8243; mobile_width=&#8221;0&#8243; width=&#8221;1\/1&#8243; uncode_shortcode_id=&#8221;881793&#8243; column_width_pixel=&#8221;900&#8243;][vc_custom_heading heading_semantic=&#8221;h3&#8243; text_size=&#8221;fontsize-155944&#8243; uncode_shortcode_id=&#8221;166392&#8243; subheading=&#8221;Vea los siguientes videos para obtener m\u00e1s informaci\u00f3n sobre el estudio PROSPECT-2.&#8221;]Acerca del estudio PROSPECT-2[\/vc_custom_heading][vc_single_image media=&#8221;111812&#8243; media_width_percent=&#8221;100&#8243; uncode_shortcode_id=&#8221;154783&#8243; title=&#8221;Para adultos y cuidadores&#8221;][vc_single_image media=&#8221;111823&#8243; media_width_percent=&#8221;100&#8243; uncode_shortcode_id=&#8221;181522&#8243; title=&#8221;Para personas de 12 a 17 a\u00f1os&#8221;][\/vc_column][\/vc_row][vc_row row_height_percent=&#8221;0&#8243; override_padding=&#8221;yes&#8221; h_padding=&#8221;2&#8243; top_padding=&#8221;5&#8243; bottom_padding=&#8221;5&#8243; overlay_alpha=&#8221;50&#8243; gutter_size=&#8221;4&#8243; column_width_percent=&#8221;100&#8243; shift_y=&#8221;0&#8243; z_index=&#8221;0&#8243; uncode_shortcode_id=&#8221;732517&#8243; row_name=&#8221;participate-who&#8221;][vc_column column_width_percent=&#8221;100&#8243; gutter_size=&#8221;3&#8243; overlay_alpha=&#8221;50&#8243; shift_x=&#8221;0&#8243; shift_y=&#8221;0&#8243; shift_y_down=&#8221;0&#8243; z_index=&#8221;0&#8243; medium_width=&#8221;4&#8243; mobile_width=&#8221;0&#8243; width=&#8221;1\/2&#8243; el_class=&#8221;inverted-device-order&#8221; uncode_shortcode_id=&#8221;165282&#8243;][vc_single_image media=&#8221;111088&#8243; media_width_percent=&#8221;90&#8243; uncode_shortcode_id=&#8221;211872&#8243;][\/vc_column][vc_column column_width_percent=&#8221;100&#8243; position_horizontal=&#8221;left&#8221; position_vertical=&#8221;middle&#8221; gutter_size=&#8221;3&#8243; overlay_alpha=&#8221;50&#8243; shift_x=&#8221;0&#8243; shift_y=&#8221;0&#8243; shift_y_down=&#8221;0&#8243; z_index=&#8221;0&#8243; medium_width=&#8221;4&#8243; mobile_width=&#8221;0&#8243; width=&#8221;1\/2&#8243; uncode_shortcode_id=&#8221;137838&#8243;][vc_custom_heading heading_semantic=&#8221;h3&#8243; text_size=&#8221;fontsize-155944&#8243; uncode_shortcode_id=&#8221;514750&#8243;]\u00bfQui\u00e9n puede participar en el estudio?[\/vc_custom_heading][vc_column_text uncode_shortcode_id=&#8221;110227&#8243;]Para ser considerado\/a para el estudio <strong>PROSPECT-2<\/strong>, su hijo\/a debe:<\/p>\n<ul>\n<li>Tener de 12 a 17 a\u00f1os de edad.<\/li>\n<li>Tener antecedentes de migra\u00f1a cr\u00f3nica por un m\u00ednimo de 6 meses.<\/li>\n<\/ul>\n<p>[\/vc_column_text][\/vc_column][\/vc_row][vc_row row_height_percent=&#8221;0&#8243; override_padding=&#8221;yes&#8221; h_padding=&#8221;2&#8243; top_padding=&#8221;5&#8243; bottom_padding=&#8221;5&#8243; back_color=&#8221;color-143567&#8243; overlay_alpha=&#8221;50&#8243; gutter_size=&#8221;3&#8243; column_width_percent=&#8221;100&#8243; shift_y=&#8221;0&#8243; z_index=&#8221;0&#8243; uncode_shortcode_id=&#8221;105406&#8243; back_color_type=&#8221;uncode-palette&#8221; row_name=&#8221;participate-why&#8221;][vc_column column_width_percent=&#8221;100&#8243; position_horizontal=&#8221;left&#8221; position_vertical=&#8221;middle&#8221; align_horizontal=&#8221;align_center&#8221; gutter_size=&#8221;3&#8243; overlay_alpha=&#8221;50&#8243; shift_x=&#8221;0&#8243; shift_y=&#8221;0&#8243; shift_y_down=&#8221;0&#8243; z_index=&#8221;0&#8243; medium_width=&#8221;4&#8243; mobile_width=&#8221;0&#8243; width=&#8221;1\/1&#8243; uncode_shortcode_id=&#8221;898268&#8243;][vc_custom_heading heading_semantic=&#8221;h3&#8243; text_size=&#8221;fontsize-155944&#8243; uncode_shortcode_id=&#8221;327636&#8243;]\u00bfQu\u00e9 tratamiento recibir\u00e1 mi hijo\/a?[\/vc_custom_heading][vc_row_inner limit_content=&#8221;&#8221;][vc_column_inner column_width_percent=&#8221;100&#8243; position_vertical=&#8221;middle&#8221; align_horizontal=&#8221;align_center&#8221; gutter_size=&#8221;3&#8243; overlay_alpha=&#8221;50&#8243; shift_x=&#8221;0&#8243; shift_y=&#8221;0&#8243; shift_y_down=&#8221;0&#8243; z_index=&#8221;0&#8243; medium_width=&#8221;0&#8243; mobile_width=&#8221;0&#8243; width=&#8221;1\/1&#8243; uncode_shortcode_id=&#8221;848672&#8243;][vc_column_text uncode_shortcode_id=&#8221;208611&#8243;]Durante el estudio, su hijo\/a recibir\u00e1 el medicamento en estudio, eptinezumab, o un placebo. El placebo se parece al eptinezumab pero no contiene ning\u00fan medicamento real. Esto proporciona a los investigadores algo para comparar con el medicamento en estudio.[\/vc_column_text][\/vc_column_inner][\/vc_row_inner][\/vc_column][\/vc_row][vc_row row_height_percent=&#8221;0&#8243; override_padding=&#8221;yes&#8221; h_padding=&#8221;2&#8243; top_padding=&#8221;5&#8243; bottom_padding=&#8221;5&#8243; overlay_alpha=&#8221;50&#8243; gutter_size=&#8221;4&#8243; column_width_percent=&#8221;100&#8243; shift_y=&#8221;0&#8243; z_index=&#8221;0&#8243; uncode_shortcode_id=&#8221;327803&#8243;][vc_column column_width_percent=&#8221;90&#8243; position_horizontal=&#8221;left&#8221; gutter_size=&#8221;3&#8243; overlay_alpha=&#8221;50&#8243; shift_x=&#8221;0&#8243; shift_y=&#8221;0&#8243; shift_y_down=&#8221;0&#8243; z_index=&#8221;0&#8243; medium_width=&#8221;0&#8243; mobile_width=&#8221;0&#8243; width=&#8221;1\/1&#8243; uncode_shortcode_id=&#8221;179050&#8243;][vc_custom_heading heading_semantic=&#8221;h3&#8243; text_size=&#8221;fontsize-155944&#8243; uncode_shortcode_id=&#8221;142054&#8243;]\u00bfQu\u00e9 ocurre durante el estudio?[\/vc_custom_heading][vc_empty_space empty_h=&#8221;3&#8243;][vc_column_text uncode_shortcode_id=&#8221;147368&#8243;]La parte principal del estudio dura unas 16 semanas (4 meses). Durante este tiempo su hijo\/a recibir\u00e1 el tratamiento en estudio y tendr\u00e1 visitas al centro del estudio para que se le realicen pruebas y controles de salud.[\/vc_column_text][vc_row_inner limit_content=&#8221;&#8221;][vc_column_inner width=&#8221;1\/3&#8243;][vc_single_image media=&#8221;111073&#8243; media_width_percent=&#8221;30&#8243; uncode_shortcode_id=&#8221;160178&#8243;][vc_custom_heading text_font=&#8221;font-377884&#8243; text_height=&#8221;fontheight-578034&#8243; sub_lead=&#8221;yes&#8221; sub_reduced=&#8221;yes&#8221; uncode_shortcode_id=&#8221;860785&#8243; subheading=&#8221;(dura 4 semanas)&#8221;]Selecci\u00f3n[\/vc_custom_heading][\/vc_column_inner][vc_column_inner column_width_percent=&#8221;100&#8243; position_vertical=&#8221;middle&#8221; gutter_size=&#8221;3&#8243; overlay_alpha=&#8221;50&#8243; shift_x=&#8221;0&#8243; shift_y=&#8221;0&#8243; shift_y_down=&#8221;0&#8243; z_index=&#8221;0&#8243; medium_width=&#8221;0&#8243; mobile_width=&#8221;0&#8243; width=&#8221;2\/3&#8243; uncode_shortcode_id=&#8221;863959&#8243;][vc_column_text uncode_shortcode_id=&#8221;105567&#8243;]Antes de empezar, tendr\u00e1 que dar permiso para que su hijo\/a participe firmando el Formulario de consentimiento informado.<\/p>\n<p>Su hijo\/a tendr\u00e1 1 visita en la que el m\u00e9dico del estudio le preguntar\u00e1 sobre su salud y los medicamentos que toma, y le har\u00e1 pruebas para asegurarse de que su hijo\/a es elegible para el estudio.[\/vc_column_text][\/vc_column_inner][\/vc_row_inner][vc_separator sep_color=&#8221;&#8221; uncode_shortcode_id=&#8221;366069&#8243;][vc_row_inner limit_content=&#8221;&#8221;][vc_column_inner width=&#8221;1\/3&#8243;][vc_single_image media=&#8221;111075&#8243; media_width_percent=&#8221;30&#8243; uncode_shortcode_id=&#8221;139754&#8243;][vc_custom_heading text_font=&#8221;font-377884&#8243; sub_lead=&#8221;yes&#8221; uncode_shortcode_id=&#8221;171466&#8243;]Seguimiento de los dolores de cabeza[\/vc_custom_heading][\/vc_column_inner][vc_column_inner column_width_percent=&#8221;100&#8243; position_vertical=&#8221;middle&#8221; gutter_size=&#8221;3&#8243; overlay_alpha=&#8221;50&#8243; shift_x=&#8221;0&#8243; shift_y=&#8221;0&#8243; shift_y_down=&#8221;0&#8243; z_index=&#8221;0&#8243; medium_width=&#8221;0&#8243; mobile_width=&#8221;0&#8243; width=&#8221;2\/3&#8243; uncode_shortcode_id=&#8221;204670&#8243;][vc_column_text uncode_shortcode_id=&#8221;831463&#8243;]Su hijo\/a recibir\u00e1 un diario electr\u00f3nico para llevar un registro de los dolores de cabeza durante 4 semanas antes de iniciar el tratamiento, para asegurarse de que el estudio es adecuado en su caso. Si lo es, su hijo\/a seguir\u00e1 haciendo un seguimiento de los dolores de cabeza durante las 12 semanas de tratamiento en estudio.[\/vc_column_text][\/vc_column_inner][\/vc_row_inner][vc_separator sep_color=&#8221;&#8221; uncode_shortcode_id=&#8221;366069&#8243;][vc_row_inner limit_content=&#8221;&#8221;][vc_column_inner width=&#8221;1\/3&#8243;][vc_single_image media=&#8221;111077&#8243; media_width_percent=&#8221;30&#8243; uncode_shortcode_id=&#8221;911148&#8243;][vc_custom_heading text_font=&#8221;font-377884&#8243; sub_lead=&#8221;yes&#8221; sub_reduced=&#8221;yes&#8221; uncode_shortcode_id=&#8221;208738&#8243; subheading=&#8221;(dura 12 semanas)&#8221;]Tratamiento en estudio[\/vc_custom_heading][\/vc_column_inner][vc_column_inner column_width_percent=&#8221;100&#8243; position_vertical=&#8221;middle&#8221; gutter_size=&#8221;3&#8243; overlay_alpha=&#8221;50&#8243; shift_x=&#8221;0&#8243; shift_y=&#8221;0&#8243; shift_y_down=&#8221;0&#8243; z_index=&#8221;0&#8243; medium_width=&#8221;0&#8243; mobile_width=&#8221;0&#8243; width=&#8221;2\/3&#8243; uncode_shortcode_id=&#8221;119232&#8243;][vc_column_text uncode_shortcode_id=&#8221;851863&#8243;]Si su hijo\/a es elegible, se le asignar\u00e1 un grupo al azar para recibir <strong>eptinezumab o placebo<\/strong>. El placebo se parece al eptinezumab pero no contiene ning\u00fan medicamento real. Esto proporciona a los investigadores algo que comparar con el medicamento en estudio. Para que el estudio sea justo, ni usted ni el equipo del estudio sabr\u00e1n en qu\u00e9 grupo est\u00e1 su hijo\/a.<\/p>\n<p>Su hijo\/a recibir\u00e1 eptinezumab o placebo como <strong>infusi\u00f3n \u00fanica<\/strong> que dura unos 30 minutos.<\/p>\n<p><span style=\"font-weight: 400;\">Su hijo\/a tendr\u00e1 <\/span><b>2 llamadas telef\u00f3nicas y 3 visitas del estudio<\/b><span style=\"font-weight: 400;\"> para controlar su salud.\u00a0<\/span>[\/vc_column_text][\/vc_column_inner][\/vc_row_inner][vc_separator sep_color=&#8221;&#8221; uncode_shortcode_id=&#8221;366069&#8243;][vc_row_inner limit_content=&#8221;&#8221;][vc_column_inner width=&#8221;1\/3&#8243;][vc_single_image media=&#8221;111079&#8243; media_width_percent=&#8221;30&#8243; uncode_shortcode_id=&#8221;137039&#8243;][vc_custom_heading text_font=&#8221;font-377884&#8243; sub_lead=&#8221;yes&#8221; sub_reduced=&#8221;yes&#8221; uncode_shortcode_id=&#8221;101778&#8243; subheading=&#8221;(dura 8 semanas)&#8221;]Seguimiento de seguridad[\/vc_custom_heading][\/vc_column_inner][vc_column_inner column_width_percent=&#8221;100&#8243; position_vertical=&#8221;middle&#8221; gutter_size=&#8221;3&#8243; overlay_alpha=&#8221;50&#8243; shift_x=&#8221;0&#8243; shift_y=&#8221;0&#8243; shift_y_down=&#8221;0&#8243; z_index=&#8221;0&#8243; medium_width=&#8221;0&#8243; mobile_width=&#8221;0&#8243; width=&#8221;2\/3&#8243; uncode_shortcode_id=&#8221;174614&#8243;][vc_column_text uncode_shortcode_id=&#8221;978458&#8243;]Una vez que su hijo\/a finalice el Periodo de tratamiento, tendr\u00e1 la opci\u00f3n de unirse a un estudio independiente a largo plazo llamado REJOIN o completar su participaci\u00f3n con 1 visita final de seguimiento.[\/vc_column_text][\/vc_column_inner][\/vc_row_inner][vc_empty_space empty_h=&#8221;3&#8243;][\/vc_column][\/vc_row][vc_row row_height_percent=&#8221;0&#8243; override_padding=&#8221;yes&#8221; h_padding=&#8221;2&#8243; top_padding=&#8221;5&#8243; bottom_padding=&#8221;5&#8243; back_color=&#8221;color-143567&#8243; overlay_alpha=&#8221;50&#8243; gutter_size=&#8221;3&#8243; column_width_percent=&#8221;100&#8243; shift_y=&#8221;0&#8243; z_index=&#8221;0&#8243; uncode_shortcode_id=&#8221;423598&#8243; back_color_type=&#8221;uncode-palette&#8221; row_name=&#8221;health-checks&#8221;][vc_column column_width_percent=&#8221;100&#8243; align_horizontal=&#8221;align_center&#8221; gutter_size=&#8221;4&#8243; overlay_alpha=&#8221;50&#8243; shift_x=&#8221;0&#8243; shift_y=&#8221;0&#8243; shift_y_down=&#8221;0&#8243; z_index=&#8221;0&#8243; medium_width=&#8221;0&#8243; mobile_width=&#8221;0&#8243; width=&#8221;1\/1&#8243; uncode_shortcode_id=&#8221;640412&#8243;][vc_row_inner limit_content=&#8221;&#8221;][vc_column_inner column_width_use_pixel=&#8221;yes&#8221; align_horizontal=&#8221;align_center&#8221; gutter_size=&#8221;3&#8243; overlay_alpha=&#8221;50&#8243; shift_x=&#8221;0&#8243; shift_y=&#8221;0&#8243; shift_y_down=&#8221;0&#8243; z_index=&#8221;0&#8243; medium_width=&#8221;0&#8243; mobile_width=&#8221;0&#8243; width=&#8221;1\/1&#8243; uncode_shortcode_id=&#8221;458155&#8243; column_width_pixel=&#8221;800&#8243;][vc_custom_heading heading_semantic=&#8221;h3&#8243; text_size=&#8221;fontsize-155944&#8243; uncode_shortcode_id=&#8221;172192&#8243;]\u00bfQu\u00e9 tipo de pruebas y controles de salud le har\u00e1n a mi hijo\/a en las visitas de estudio?[\/vc_custom_heading][vc_column_text text_lead=&#8221;yes&#8221; uncode_shortcode_id=&#8221;100675&#8243;]Algunas de las pruebas y controles de salud incluyen:[\/vc_column_text][vc_empty_space empty_h=&#8221;2&#8243;][\/vc_column_inner][\/vc_row_inner][vc_row_inner limit_content=&#8221;&#8221;][vc_column_inner column_width_percent=&#8221;100&#8243; align_horizontal=&#8221;align_center&#8221; gutter_size=&#8221;3&#8243; overlay_alpha=&#8221;50&#8243; shift_x=&#8221;0&#8243; shift_y=&#8221;0&#8243; shift_y_down=&#8221;0&#8243; z_index=&#8221;0&#8243; medium_width=&#8221;4&#8243; mobile_width=&#8221;4&#8243; width=&#8221;1\/4&#8243; uncode_shortcode_id=&#8221;119524&#8243;][vc_icon icon=&#8221;fa fa-heartbeat&#8221; icon_image=&#8221;110965&#8243; media_size=&#8221;100&#8243; uncode_shortcode_id=&#8221;194143&#8243; title=&#8221;Examen f\u00edsico&#8221;][\/vc_icon][\/vc_column_inner][vc_column_inner column_width_percent=&#8221;100&#8243; align_horizontal=&#8221;align_center&#8221; gutter_size=&#8221;3&#8243; overlay_alpha=&#8221;50&#8243; shift_x=&#8221;0&#8243; shift_y=&#8221;0&#8243; shift_y_down=&#8221;0&#8243; z_index=&#8221;0&#8243; medium_width=&#8221;4&#8243; mobile_width=&#8221;4&#8243; width=&#8221;1\/4&#8243; uncode_shortcode_id=&#8221;864314&#8243;][vc_icon icon=&#8221;fa fa-heartbeat&#8221; icon_image=&#8221;110959&#8243; media_size=&#8221;100&#8243; uncode_shortcode_id=&#8221;170103&#8243; title=&#8221;Presi\u00f3n arterial&#8221;][\/vc_icon][\/vc_column_inner][vc_column_inner column_width_percent=&#8221;100&#8243; align_horizontal=&#8221;align_center&#8221; gutter_size=&#8221;3&#8243; overlay_alpha=&#8221;50&#8243; shift_x=&#8221;0&#8243; shift_y=&#8221;0&#8243; shift_y_down=&#8221;0&#8243; z_index=&#8221;0&#8243; medium_width=&#8221;4&#8243; mobile_width=&#8221;4&#8243; width=&#8221;1\/4&#8243; uncode_shortcode_id=&#8221;110934&#8243;][vc_icon icon=&#8221;fa fa-heartbeat&#8221; icon_image=&#8221;110981&#8243; media_size=&#8221;100&#8243; uncode_shortcode_id=&#8221;128395&#8243; title=&#8221;Temperatura&#8221;][\/vc_icon][\/vc_column_inner][vc_column_inner column_width_percent=&#8221;100&#8243; align_horizontal=&#8221;align_center&#8221; gutter_size=&#8221;3&#8243; overlay_alpha=&#8221;50&#8243; shift_x=&#8221;0&#8243; shift_y=&#8221;0&#8243; shift_y_down=&#8221;0&#8243; z_index=&#8221;0&#8243; medium_width=&#8221;4&#8243; mobile_width=&#8221;4&#8243; width=&#8221;1\/4&#8243; uncode_shortcode_id=&#8221;159175&#8243;][vc_icon icon=&#8221;fa fa-heartbeat&#8221; icon_image=&#8221;111081&#8243; media_size=&#8221;100&#8243; uncode_shortcode_id=&#8221;174715&#8243; title=&#8221;Estatura&#8221;][\/vc_icon][\/vc_column_inner][\/vc_row_inner][vc_row_inner limit_content=&#8221;&#8221;][vc_column_inner column_width_percent=&#8221;100&#8243; align_horizontal=&#8221;align_center&#8221; gutter_size=&#8221;3&#8243; overlay_alpha=&#8221;50&#8243; shift_x=&#8221;0&#8243; shift_y=&#8221;0&#8243; shift_y_down=&#8221;0&#8243; z_index=&#8221;0&#8243; medium_width=&#8221;4&#8243; mobile_width=&#8221;4&#8243; width=&#8221;1\/4&#8243; uncode_shortcode_id=&#8221;134364&#8243;][vc_icon icon=&#8221;fa fa-heartbeat&#8221; icon_image=&#8221;110985&#8243; media_size=&#8221;100&#8243; uncode_shortcode_id=&#8221;260882&#8243; title=&#8221;Peso&#8221;][\/vc_icon][\/vc_column_inner][vc_column_inner column_width_percent=&#8221;100&#8243; align_horizontal=&#8221;align_center&#8221; gutter_size=&#8221;3&#8243; overlay_alpha=&#8221;50&#8243; shift_x=&#8221;0&#8243; shift_y=&#8221;0&#8243; shift_y_down=&#8221;0&#8243; z_index=&#8221;0&#8243; medium_width=&#8221;4&#8243; mobile_width=&#8221;4&#8243; width=&#8221;1\/4&#8243; uncode_shortcode_id=&#8221;123376&#8243;][vc_icon icon=&#8221;fa fa-heartbeat&#8221; icon_image=&#8221;110979&#8243; media_size=&#8221;100&#8243; uncode_shortcode_id=&#8221;656607&#8243; title=&#8221;Examen neurol\u00f3gico&#8221;][\/vc_icon][\/vc_column_inner][vc_column_inner column_width_percent=&#8221;100&#8243; align_horizontal=&#8221;align_center&#8221; gutter_size=&#8221;3&#8243; overlay_alpha=&#8221;50&#8243; shift_x=&#8221;0&#8243; shift_y=&#8221;0&#8243; shift_y_down=&#8221;0&#8243; z_index=&#8221;0&#8243; medium_width=&#8221;4&#8243; mobile_width=&#8221;4&#8243; width=&#8221;1\/4&#8243; uncode_shortcode_id=&#8221;548546&#8243;][vc_icon icon=&#8221;fa fa-heartbeat&#8221; icon_image=&#8221;110971&#8243; media_size=&#8221;100&#8243; uncode_shortcode_id=&#8221;189144&#8243; title=&#8221;Actividad card\u00edaca&#8221;][\/vc_icon][\/vc_column_inner][vc_column_inner column_width_percent=&#8221;100&#8243; align_horizontal=&#8221;align_center&#8221; gutter_size=&#8221;3&#8243; overlay_alpha=&#8221;50&#8243; shift_x=&#8221;0&#8243; shift_y=&#8221;0&#8243; shift_y_down=&#8221;0&#8243; z_index=&#8221;0&#8243; medium_width=&#8221;4&#8243; mobile_width=&#8221;4&#8243; width=&#8221;1\/4&#8243; uncode_shortcode_id=&#8221;155508&#8243;][vc_icon icon=&#8221;fa fa-heartbeat&#8221; icon_image=&#8221;110961&#8243; media_size=&#8221;100&#8243; uncode_shortcode_id=&#8221;630970&#8243; title=&#8221;An\u00e1lisis de sangre&#8221;][\/vc_icon][\/vc_column_inner][\/vc_row_inner][vc_row_inner limit_content=&#8221;&#8221;][vc_column_inner column_width_percent=&#8221;100&#8243; align_horizontal=&#8221;align_center&#8221; gutter_size=&#8221;3&#8243; overlay_alpha=&#8221;50&#8243; shift_x=&#8221;0&#8243; shift_y=&#8221;0&#8243; shift_y_down=&#8221;0&#8243; z_index=&#8221;0&#8243; medium_width=&#8221;4&#8243; mobile_width=&#8221;4&#8243; width=&#8221;1\/4&#8243; uncode_shortcode_id=&#8221;126333&#8243;][vc_icon icon=&#8221;fa fa-heartbeat&#8221; icon_image=&#8221;111085&#8243; media_size=&#8221;100&#8243; uncode_shortcode_id=&#8221;202745&#8243; title=&#8221;An\u00e1lisis de orina&#8221;][\/vc_icon][\/vc_column_inner][\/vc_row_inner][\/vc_column][\/vc_row]<\/p>\n","protected":false},"excerpt":{"rendered":"<p>[vc_row row_height_percent=&#8221;90&#8243; override_padding=&#8221;yes&#8221; h_padding=&#8221;2&#8243; top_padding=&#8221;5&#8243; bottom_padding=&#8221;5&#8243; back_color=&#8221;color-105898&#8243; back_image=&#8221;111057&#8243; back_position=&#8221;center top&#8221; overlay_alpha=&#8221;50&#8243; gutter_size=&#8221;4&#8243; column_width_percent=&#8221;100&#8243; shift_y=&#8221;0&#8243; z_index=&#8221;0&#8243; top_divider=&#8221;gradient&#8221; bottom_divider=&#8221;step_3_4&#8243; uncode_shortcode_id=&#8221;208925&#8243; back_color_type=&#8221;uncode-palette&#8221;][vc_column column_width_percent=&#8221;100&#8243; [&hellip;]<\/p>\n","protected":false},"author":5,"featured_media":0,"parent":0,"menu_order":0,"comment_status":"closed","ping_status":"closed","template":"","meta":{"footnotes":""},"class_list":["post-111685","page","type-page","status-publish","hentry"],"aioseo_notices":[],"_links":{"self":[{"href":"https:\/\/stg.prospect2rejoin.com\/es-ar\/wp-json\/wp\/v2\/pages\/111685","targetHints":{"allow":["GET"]}}],"collection":[{"href":"https:\/\/stg.prospect2rejoin.com\/es-ar\/wp-json\/wp\/v2\/pages"}],"about":[{"href":"https:\/\/stg.prospect2rejoin.com\/es-ar\/wp-json\/wp\/v2\/types\/page"}],"author":[{"embeddable":true,"href":"https:\/\/stg.prospect2rejoin.com\/es-ar\/wp-json\/wp\/v2\/users\/5"}],"replies":[{"embeddable":true,"href":"https:\/\/stg.prospect2rejoin.com\/es-ar\/wp-json\/wp\/v2\/comments?post=111685"}],"version-history":[{"count":0,"href":"https:\/\/stg.prospect2rejoin.com\/es-ar\/wp-json\/wp\/v2\/pages\/111685\/revisions"}],"wp:attachment":[{"href":"https:\/\/stg.prospect2rejoin.com\/es-ar\/wp-json\/wp\/v2\/media?parent=111685"}],"curies":[{"name":"wp","href":"https:\/\/api.w.org\/{rel}","templated":true}]}}