{"id":111657,"date":"2022-04-12T21:47:23","date_gmt":"2022-04-12T21:47:23","guid":{"rendered":"https:\/\/stg.prospect2rejoin.com\/faq\/"},"modified":"2023-10-10T10:27:09","modified_gmt":"2023-10-10T10:27:09","slug":"faq","status":"publish","type":"page","link":"https:\/\/stg.prospect2rejoin.com\/es-mx\/faq\/","title":{"rendered":"FAQ"},"content":{"rendered":"<p>[vc_row row_height_percent=&#8221;90&#8243; override_padding=&#8221;yes&#8221; h_padding=&#8221;2&#8243; top_padding=&#8221;5&#8243; bottom_padding=&#8221;5&#8243; back_color=&#8221;color-105898&#8243; back_image=&#8221;111057&#8243; back_position=&#8221;center top&#8221; overlay_alpha=&#8221;50&#8243; gutter_size=&#8221;4&#8243; column_width_percent=&#8221;100&#8243; shift_y=&#8221;0&#8243; z_index=&#8221;0&#8243; top_divider=&#8221;gradient&#8221; bottom_divider=&#8221;step_3_4&#8243; uncode_shortcode_id=&#8221;206216&#8243; back_color_type=&#8221;uncode-palette&#8221;][vc_column column_width_percent=&#8221;100&#8243; position_vertical=&#8221;middle&#8221; gutter_size=&#8221;6&#8243; style=&#8221;dark&#8221; overlay_alpha=&#8221;50&#8243; shift_x=&#8221;0&#8243; shift_y=&#8221;0&#8243; shift_y_down=&#8221;0&#8243; z_index=&#8221;0&#8243; medium_width=&#8221;0&#8243; mobile_width=&#8221;0&#8243; width=&#8221;1\/1&#8243; uncode_shortcode_id=&#8221;744311&#8243;][vc_row_inner row_inner_height_percent=&#8221;0&#8243; overlay_alpha=&#8221;50&#8243; gutter_size=&#8221;4&#8243; shift_y=&#8221;0&#8243; z_index=&#8221;0&#8243; inverted_device_order=&#8221;yes&#8221; limit_content=&#8221;&#8221;][vc_column_inner column_width_percent=&#8221;100&#8243; position_vertical=&#8221;middle&#8221; gutter_size=&#8221;2&#8243; style=&#8221;dark&#8221; overlay_alpha=&#8221;50&#8243; shift_x=&#8221;0&#8243; shift_y=&#8221;0&#8243; shift_y_down=&#8221;0&#8243; z_index=&#8221;0&#8243; medium_width=&#8221;4&#8243; align_mobile=&#8221;align_center_mobile&#8221; mobile_width=&#8221;0&#8243; width=&#8221;7\/12&#8243; uncode_shortcode_id=&#8221;128842&#8243;][vc_custom_heading heading_semantic=&#8221;h1&#8243; text_size=&#8221;fontsize-338686&#8243; text_space=&#8221;fontspace-781688&#8243; uncode_shortcode_id=&#8221;173504&#8243;]Preguntas frecuentes[\/vc_custom_heading][vc_empty_space empty_h=&#8221;1&#8243;][vc_empty_space empty_h=&#8221;1&#8243;][\/vc_column_inner][vc_column_inner column_width_percent=&#8221;100&#8243; position_vertical=&#8221;middle&#8221; gutter_size=&#8221;3&#8243; style=&#8221;dark&#8221; overlay_alpha=&#8221;50&#8243; shift_x=&#8221;0&#8243; shift_y=&#8221;0&#8243; shift_y_down=&#8221;0&#8243; z_index=&#8221;0&#8243; medium_width=&#8221;4&#8243; mobile_width=&#8221;0&#8243; width=&#8221;5\/12&#8243; uncode_shortcode_id=&#8221;102100&#8243;][vc_single_image media=&#8221;111063&#8243; media_width_percent=&#8221;100&#8243; alignment=&#8221;center&#8221; uncode_shortcode_id=&#8221;187351&#8243;][\/vc_column_inner][\/vc_row_inner][\/vc_column][\/vc_row][vc_row row_height_percent=&#8221;0&#8243; override_padding=&#8221;yes&#8221; h_padding=&#8221;2&#8243; top_padding=&#8221;4&#8243; bottom_padding=&#8221;4&#8243; overlay_alpha=&#8221;100&#8243; gutter_size=&#8221;100&#8243; column_width_percent=&#8221;100&#8243; shift_y=&#8221;0&#8243; z_index=&#8221;0&#8243; style=&#8221;inherited&#8221; uncode_shortcode_id=&#8221;356548&#8243; row_name=&#8221;questions&#8221;][vc_column column_width_percent=&#8221;100&#8243; gutter_size=&#8221;3&#8243; overlay_alpha=&#8221;50&#8243; shift_x=&#8221;0&#8243; shift_y=&#8221;0&#8243; shift_y_down=&#8221;0&#8243; z_index=&#8221;0&#8243; medium_width=&#8221;0&#8243; mobile_width=&#8221;0&#8243; zoom_width=&#8221;0&#8243; zoom_height=&#8221;0&#8243; width=&#8221;1\/1&#8243; uncode_shortcode_id=&#8221;790384&#8243;][vc_custom_heading heading_semantic=&#8221;h3&#8243; text_size=&#8221;h3&#8243; text_space=&#8221;fontspace-781688&#8243; uncode_shortcode_id=&#8221;813143&#8243;]Preguntas generales del estudio[\/vc_custom_heading][vc_accordion typography=&#8221;yes&#8221; sign=&#8221;plus&#8221; active_tab=&#8221;0&#8243;][vc_accordion_tab gutter_size=&#8221;2&#8243; column_padding=&#8221;2&#8243; title=&#8221;\u00bfCu\u00e1les son los beneficios de participar en el estudio cl\u00ednico?&#8221; tab_id=&#8221;ef5915c9-1af0-2&#8243;][vc_column_text uncode_shortcode_id=&#8221;210856&#8243;]Su hijo\/a puede o no beneficiarse directamente de participar en cualquiera de los dos estudios cl\u00ednicos. Sin embargo, la informaci\u00f3n recopilada puede ayudar a los m\u00e9dicos a aprender m\u00e1s sobre el tratamiento de otros adolescentes y j\u00f3venes con migra\u00f1a cr\u00f3nica en el futuro.[\/vc_column_text][\/vc_accordion_tab][vc_accordion_tab gutter_size=&#8221;2&#8243; column_padding=&#8221;2&#8243; title=&#8221;\u00bfMe costar\u00e1 algo hacer que mi hijo\/a participe en el estudio?&#8221; tab_id=&#8221;0a882431-6c4b-0&#8243;][vc_column_text uncode_shortcode_id=&#8221;125558&#8243;]La participaci\u00f3n de su hijo\/a en cualquiera de los dos estudios no le costar\u00e1 nada. Su hijo\/a recibir\u00e1 el medicamento del estudio (o placebo) y le har\u00e1n todas las pruebas del estudio sin costo alguno para usted. Tambi\u00e9n es posible que le reembolsen ciertos gastos de traslado a las visitas del estudio.[\/vc_column_text][\/vc_accordion_tab][vc_accordion_tab gutter_size=&#8221;2&#8243; column_padding=&#8221;2&#8243; title=&#8221;\u00bfQui\u00e9n financia el estudio?&#8221; tab_id=&#8221;1679681042783-4-1&#8243;][vc_column_text uncode_shortcode_id=&#8221;874842&#8243;]La empresa farmac\u00e9utica H. Lundbeck A\/S (Lundbeck) patrocina y dirige el estudio PROSPECT-2.[\/vc_column_text][\/vc_accordion_tab][vc_accordion_tab gutter_size=&#8221;2&#8243; column_padding=&#8221;2&#8243; title=&#8221;\u00bfMi hijo\/a tiene que permanecer en el estudio si decidimos participar?&#8221; tab_id=&#8221;1679681043928-5-10&#8243;][vc_column_text uncode_shortcode_id=&#8221;132814&#8243;]No, la participaci\u00f3n de su hijo\/a en el estudio es totalmente voluntaria. Si usted y su hijo\/a deciden participar y luego cambian de opini\u00f3n, su hijo\/a puede abandonar el estudio en cualquier momento.[\/vc_column_text][\/vc_accordion_tab][\/vc_accordion][vc_empty_space empty_h=&#8221;3&#8243;][vc_custom_heading heading_semantic=&#8221;h3&#8243; text_size=&#8221;h3&#8243; text_space=&#8221;fontspace-781688&#8243; uncode_shortcode_id=&#8221;420972&#8243;]Preguntas sobre la organizaci\u00f3n del estudio[\/vc_custom_heading][vc_accordion typography=&#8221;yes&#8221; sign=&#8221;plus&#8221; active_tab=&#8221;0&#8243;][vc_accordion_tab gutter_size=&#8221;2&#8243; column_padding=&#8221;2&#8243; title=&#8221;\u00bfCu\u00e1nto dura el estudio?&#8221; tab_id=&#8221;50e10135-1e62-4&#8243;][vc_column_text uncode_shortcode_id=&#8221;127122&#8243;]El estudio PROSPECT-2 dura alrededor de 16 semanas (4 meses).[\/vc_column_text][\/vc_accordion_tab][vc_accordion_tab gutter_size=&#8221;2&#8243; column_padding=&#8221;2&#8243; title=&#8221;\u00bfCu\u00e1ntas veces tendr\u00e1 que ir mi hijo\/a al centro del estudio?&#8221; tab_id=&#8221;8f0dc6f1-4ec3-5&#8243;][vc_column_text uncode_shortcode_id=&#8221;140670&#8243;]Durante el estudio, su hijo\/a visitar\u00e1 el centro del estudio para que le hagan pruebas y revisiones de salud unas 3 o 4 veces. Usted y su hijo\/a tambi\u00e9n tendr\u00e1n llamadas telef\u00f3nicas con el equipo del estudio.[\/vc_column_text][\/vc_accordion_tab][\/vc_accordion][vc_empty_space empty_h=&#8221;3&#8243;][vc_custom_heading heading_semantic=&#8221;h3&#8243; text_size=&#8221;h3&#8243; text_space=&#8221;fontspace-781688&#8243; uncode_shortcode_id=&#8221;253019&#8243;]Preguntas sobre el tratamiento del estudio[\/vc_custom_heading][vc_accordion typography=&#8221;yes&#8221; sign=&#8221;plus&#8221; active_tab=&#8221;0&#8243;][vc_accordion_tab gutter_size=&#8221;2&#8243; column_padding=&#8221;2&#8243; title=&#8221;\u00bfQu\u00e9 tratamiento del estudio recibir\u00e1 mi hijo\/a?&#8221; tab_id=&#8221;1679683799349-2-7&#8243;][vc_column_text uncode_shortcode_id=&#8221;210861&#8243;]Durante el estudio, su hijo\/a ser\u00e1 asignado de forma aleatoria a recibir el medicamento del estudio, eptinezumab, o un placebo. El placebo se parece al eptinezumab pero no contiene ning\u00fan medicamento real. Esto proporciona a los investigadores algo para comparar con el medicamento del estudio.[\/vc_column_text][\/vc_accordion_tab][vc_accordion_tab gutter_size=&#8221;2&#8243; column_padding=&#8221;2&#8243; title=&#8221;\u00bfC\u00f3mo se asignan los grupos de tratamiento?&#8221; tab_id=&#8221;1679681427751-5-6&#8243;][vc_column_text uncode_shortcode_id=&#8221;393810&#8243;]Se utiliza una computadora para asignar al azar a los participantes en el estudio a los grupos de tratamiento, como si se tratara de una baraja de cartas. Esto se denomina aleatorizaci\u00f3n.[\/vc_column_text][\/vc_accordion_tab][vc_accordion_tab gutter_size=&#8221;2&#8243; column_padding=&#8221;2&#8243; title=&#8221;\u00bfC\u00f3mo se administra el tratamiento del estudio?&#8221; tab_id=&#8221;1679684121336-6-9&#8243;][vc_column_text uncode_shortcode_id=&#8221;183383&#8243;]El tratamiento del estudio se administra en forma de infusi\u00f3n, es decir, lentamente a trav\u00e9s de una peque\u00f1a aguja en una vena. Durante el estudio, su hijo\/a recibir\u00e1 una \u00fanica infusi\u00f3n. La infusi\u00f3n dura unos 30 minutos.[\/vc_column_text][\/vc_accordion_tab][vc_accordion_tab gutter_size=&#8221;2&#8243; column_padding=&#8221;2&#8243; title=&#8221;\u00bfQu\u00e9 significa medicamento en investigaci\u00f3n?&#8221; tab_id=&#8221;1679684122464-7-3&#8243;][vc_column_text uncode_shortcode_id=&#8221;183227&#8243;]Medicamento en investigaci\u00f3n significa que el medicamento se ha estudiado en un laboratorio y se est\u00e1 estudiando en personas, pero actualmente no est\u00e1 aprobado para su uso por las agencias reguladoras.[\/vc_column_text][\/vc_accordion_tab][vc_accordion_tab gutter_size=&#8221;2&#8243; column_padding=&#8221;2&#8243; title=&#8221;\u00bfQu\u00e9 es el placebo?&#8221; tab_id=&#8221;1679684123569-8-5&#8243;][vc_column_text uncode_shortcode_id=&#8221;208183&#8243;]El placebo se parece al eptinezumab pero no contiene ning\u00fan medicamento activo. Esto proporciona a los investigadores algo con lo que comparar el eptinezumab para comprender mejor sus efectos.[\/vc_column_text][\/vc_accordion_tab][vc_accordion_tab gutter_size=&#8221;2&#8243; column_padding=&#8221;2&#8243; title=&#8221;\u00bfHay alg\u00fan efecto secundario del eptinezumab?&#8221; tab_id=&#8221;1679681200410-4-8&#8243;][vc_column_text uncode_shortcode_id=&#8221;128154&#8243;]<span style=\"font-weight: 400;\">Como todos los medicamentos, existe la posibilidad de que se produzcan efectos secundarios, que son efectos no deseados e involuntarios de un medicamento. La salud de su hijo\/a se vigilar\u00e1 estrechamente durante todo el estudio. Es muy importante que informe al m\u00e9dico del estudio si nota alg\u00fan cambio en la salud de su hijo\/a o si algo le molesta.<\/span>[\/vc_column_text][\/vc_accordion_tab][\/vc_accordion][\/vc_column][\/vc_row]<\/p>\n","protected":false},"excerpt":{"rendered":"<p>[vc_row row_height_percent=&#8221;90&#8243; override_padding=&#8221;yes&#8221; h_padding=&#8221;2&#8243; top_padding=&#8221;5&#8243; bottom_padding=&#8221;5&#8243; back_color=&#8221;color-105898&#8243; back_image=&#8221;111057&#8243; back_position=&#8221;center top&#8221; overlay_alpha=&#8221;50&#8243; gutter_size=&#8221;4&#8243; column_width_percent=&#8221;100&#8243; shift_y=&#8221;0&#8243; z_index=&#8221;0&#8243; top_divider=&#8221;gradient&#8221; bottom_divider=&#8221;step_3_4&#8243; uncode_shortcode_id=&#8221;206216&#8243; back_color_type=&#8221;uncode-palette&#8221;][vc_column column_width_percent=&#8221;100&#8243; [&hellip;]<\/p>\n","protected":false},"author":5,"featured_media":0,"parent":0,"menu_order":0,"comment_status":"closed","ping_status":"closed","template":"","meta":{"footnotes":""},"class_list":["post-111657","page","type-page","status-publish","hentry"],"aioseo_notices":[],"_links":{"self":[{"href":"https:\/\/stg.prospect2rejoin.com\/es-mx\/wp-json\/wp\/v2\/pages\/111657","targetHints":{"allow":["GET"]}}],"collection":[{"href":"https:\/\/stg.prospect2rejoin.com\/es-mx\/wp-json\/wp\/v2\/pages"}],"about":[{"href":"https:\/\/stg.prospect2rejoin.com\/es-mx\/wp-json\/wp\/v2\/types\/page"}],"author":[{"embeddable":true,"href":"https:\/\/stg.prospect2rejoin.com\/es-mx\/wp-json\/wp\/v2\/users\/5"}],"replies":[{"embeddable":true,"href":"https:\/\/stg.prospect2rejoin.com\/es-mx\/wp-json\/wp\/v2\/comments?post=111657"}],"version-history":[{"count":0,"href":"https:\/\/stg.prospect2rejoin.com\/es-mx\/wp-json\/wp\/v2\/pages\/111657\/revisions"}],"wp:attachment":[{"href":"https:\/\/stg.prospect2rejoin.com\/es-mx\/wp-json\/wp\/v2\/media?parent=111657"}],"curies":[{"name":"wp","href":"https:\/\/api.w.org\/{rel}","templated":true}]}}