{"id":111652,"date":"2022-04-12T21:47:23","date_gmt":"2022-04-12T21:47:23","guid":{"rendered":"https:\/\/stg.prospect2rejoin.com\/faqs\/"},"modified":"2024-01-10T17:00:23","modified_gmt":"2024-01-10T17:00:23","slug":"faqs","status":"publish","type":"page","link":"https:\/\/stg.prospect2rejoin.com\/it\/faqs\/","title":{"rendered":"FAQs"},"content":{"rendered":"<p>[vc_row row_height_percent=&#8221;90&#8243; override_padding=&#8221;yes&#8221; h_padding=&#8221;2&#8243; top_padding=&#8221;5&#8243; bottom_padding=&#8221;5&#8243; back_color=&#8221;color-105898&#8243; back_image=&#8221;111057&#8243; back_position=&#8221;center top&#8221; overlay_alpha=&#8221;50&#8243; gutter_size=&#8221;4&#8243; column_width_percent=&#8221;100&#8243; shift_y=&#8221;0&#8243; z_index=&#8221;0&#8243; top_divider=&#8221;gradient&#8221; bottom_divider=&#8221;step_3_4&#8243; uncode_shortcode_id=&#8221;206216&#8243; back_color_type=&#8221;uncode-palette&#8221;][vc_column column_width_percent=&#8221;100&#8243; position_vertical=&#8221;middle&#8221; gutter_size=&#8221;6&#8243; style=&#8221;dark&#8221; overlay_alpha=&#8221;50&#8243; shift_x=&#8221;0&#8243; shift_y=&#8221;0&#8243; shift_y_down=&#8221;0&#8243; z_index=&#8221;0&#8243; medium_width=&#8221;0&#8243; mobile_width=&#8221;0&#8243; width=&#8221;1\/1&#8243; uncode_shortcode_id=&#8221;744311&#8243;][vc_row_inner row_inner_height_percent=&#8221;0&#8243; overlay_alpha=&#8221;50&#8243; gutter_size=&#8221;4&#8243; shift_y=&#8221;0&#8243; z_index=&#8221;0&#8243; inverted_device_order=&#8221;yes&#8221; limit_content=&#8221;&#8221;][vc_column_inner column_width_percent=&#8221;100&#8243; position_vertical=&#8221;middle&#8221; gutter_size=&#8221;2&#8243; style=&#8221;dark&#8221; overlay_alpha=&#8221;50&#8243; shift_x=&#8221;0&#8243; shift_y=&#8221;0&#8243; shift_y_down=&#8221;0&#8243; z_index=&#8221;0&#8243; medium_width=&#8221;4&#8243; align_mobile=&#8221;align_center_mobile&#8221; mobile_width=&#8221;0&#8243; width=&#8221;7\/12&#8243; uncode_shortcode_id=&#8221;128842&#8243;][vc_custom_heading heading_semantic=&#8221;h1&#8243; text_size=&#8221;fontsize-338686&#8243; text_space=&#8221;fontspace-781688&#8243; uncode_shortcode_id=&#8221;173504&#8243;]Domande frequenti[\/vc_custom_heading][vc_empty_space empty_h=&#8221;1&#8243;][vc_empty_space empty_h=&#8221;1&#8243;][\/vc_column_inner][vc_column_inner column_width_percent=&#8221;100&#8243; position_vertical=&#8221;middle&#8221; gutter_size=&#8221;3&#8243; style=&#8221;dark&#8221; overlay_alpha=&#8221;50&#8243; shift_x=&#8221;0&#8243; shift_y=&#8221;0&#8243; shift_y_down=&#8221;0&#8243; z_index=&#8221;0&#8243; medium_width=&#8221;4&#8243; mobile_width=&#8221;0&#8243; width=&#8221;5\/12&#8243; uncode_shortcode_id=&#8221;102100&#8243;][vc_single_image media=&#8221;111063&#8243; media_width_percent=&#8221;100&#8243; alignment=&#8221;center&#8221; uncode_shortcode_id=&#8221;187351&#8243;][\/vc_column_inner][\/vc_row_inner][\/vc_column][\/vc_row][vc_row row_height_percent=&#8221;0&#8243; override_padding=&#8221;yes&#8221; h_padding=&#8221;2&#8243; top_padding=&#8221;4&#8243; bottom_padding=&#8221;4&#8243; overlay_alpha=&#8221;100&#8243; gutter_size=&#8221;100&#8243; column_width_percent=&#8221;100&#8243; shift_y=&#8221;0&#8243; z_index=&#8221;0&#8243; style=&#8221;inherited&#8221; uncode_shortcode_id=&#8221;356548&#8243; row_name=&#8221;questions&#8221;][vc_column column_width_percent=&#8221;100&#8243; gutter_size=&#8221;3&#8243; overlay_alpha=&#8221;50&#8243; shift_x=&#8221;0&#8243; shift_y=&#8221;0&#8243; shift_y_down=&#8221;0&#8243; z_index=&#8221;0&#8243; medium_width=&#8221;0&#8243; mobile_width=&#8221;0&#8243; zoom_width=&#8221;0&#8243; zoom_height=&#8221;0&#8243; width=&#8221;1\/1&#8243; uncode_shortcode_id=&#8221;790384&#8243;][vc_custom_heading heading_semantic=&#8221;h3&#8243; text_size=&#8221;h3&#8243; text_space=&#8221;fontspace-781688&#8243; uncode_shortcode_id=&#8221;813143&#8243;]Domande generali sullo studio[\/vc_custom_heading][vc_accordion typography=&#8221;yes&#8221; sign=&#8221;plus&#8221; active_tab=&#8221;0&#8243;][vc_accordion_tab gutter_size=&#8221;2&#8243; column_padding=&#8221;2&#8243; title=&#8221;Quali sono i vantaggi di partecipare allo studio clinico?&#8221; tab_id=&#8221;ef5915c9-1af0-2&#8243;][vc_column_text uncode_shortcode_id=&#8221;210856&#8243;]Suo\/a figlio\/a potrebbe trarre o meno benefici diretti dalla partecipazione a uno dei due studi clinici. Tuttavia, le informazioni raccolte possono aiutare i medici ad acquisire maggiori informazioni sul trattamento di altri adolescenti e ragazzi con emicrania cronica in futuro.[\/vc_column_text][\/vc_accordion_tab][vc_accordion_tab gutter_size=&#8221;2&#8243; column_padding=&#8221;2&#8243; title=&#8221;Dovr\u00f2 affrontare delle spese per far partecipare mio\/a figlio\/a allo studio?&#8221; tab_id=&#8221;0a882431-6c4b-0&#8243;][vc_column_text uncode_shortcode_id=&#8221;125558&#8243;]La partecipazione di Suo\/a figlio\/a a uno dei due studi non Le coster\u00e0 nulla. Suo\/a figlio\/a ricever\u00e0 il farmaco sperimentale (o il placebo) e si sottoporr\u00e0 a tutti gli esami dello studio senza alcun costo per Lei.[\/vc_column_text][\/vc_accordion_tab][vc_accordion_tab gutter_size=&#8221;2&#8243; column_padding=&#8221;2&#8243; title=&#8221;Chi sponsorizza lo studio?&#8221; tab_id=&#8221;1679681042783-4-1&#8243;][vc_column_text uncode_shortcode_id=&#8221;874842&#8243;]L\u2019azienda sanitaria H. Lundbeck A\/S (Lundbeck) sponsorizza e conduce lo Studio PROSPECT-2.[\/vc_column_text][\/vc_accordion_tab][vc_accordion_tab gutter_size=&#8221;2&#8243; column_padding=&#8221;2&#8243; title=&#8221;Mio\/a figlio\/a deve rimanere nello studio se decidiamo di partecipare?&#8221; tab_id=&#8221;1679681043928-5-10&#8243;][vc_column_text uncode_shortcode_id=&#8221;132814&#8243;]No, la partecipazione di Suo\/a figlio\/a allo studio \u00e8 completamente volontaria. Se Lei e Suo\/a figlio\/a decidete di partecipare e poi cambiate idea, Suo\/a figlio\/a pu\u00f2 abbandonare lo studio in qualsiasi momento.[\/vc_column_text][\/vc_accordion_tab][\/vc_accordion][vc_empty_space empty_h=&#8221;3&#8243;][vc_custom_heading heading_semantic=&#8221;h3&#8243; text_size=&#8221;h3&#8243; text_space=&#8221;fontspace-781688&#8243; uncode_shortcode_id=&#8221;420972&#8243;]Domande sull\u2019impostazione dello studio[\/vc_custom_heading][vc_accordion typography=&#8221;yes&#8221; sign=&#8221;plus&#8221; active_tab=&#8221;0&#8243;][vc_accordion_tab gutter_size=&#8221;2&#8243; column_padding=&#8221;2&#8243; title=&#8221;Quanto dura lo studio?&#8221; tab_id=&#8221;50e10135-1e62-4&#8243;][vc_column_text uncode_shortcode_id=&#8221;127122&#8243;]Lo Studio PROSPECT-2 durer\u00e0 circa 16 settimane (4 mesi).[\/vc_column_text][\/vc_accordion_tab][vc_accordion_tab gutter_size=&#8221;2&#8243; column_padding=&#8221;2&#8243; title=&#8221;Quante volte mio\/a figlio\/a dovr\u00e0 recarsi al centro dello studio?&#8221; tab_id=&#8221;8f0dc6f1-4ec3-5&#8243;][vc_column_text uncode_shortcode_id=&#8221;140670&#8243;]Durante lo studio, Suo\/a figlio\/a si recher\u00e0 al centro dello studio per effettuare controlli sulla salute ed esami circa 3 o 4 volte. Lei e Suo\/a figlio\/a farete anche delle telefonate con il personale dello studio.[\/vc_column_text][\/vc_accordion_tab][\/vc_accordion][vc_empty_space empty_h=&#8221;3&#8243;][vc_custom_heading heading_semantic=&#8221;h3&#8243; text_size=&#8221;h3&#8243; text_space=&#8221;fontspace-781688&#8243; uncode_shortcode_id=&#8221;253019&#8243;]Domande sul trattamento in studio[\/vc_custom_heading][vc_accordion typography=&#8221;yes&#8221; sign=&#8221;plus&#8221; active_tab=&#8221;0&#8243;][vc_accordion_tab gutter_size=&#8221;2&#8243; column_padding=&#8221;2&#8243; title=&#8221;Quale trattamento ricever\u00e0 mio\/a figlio\/a?&#8221; tab_id=&#8221;1679683799349-2-7&#8243;][vc_column_text uncode_shortcode_id=&#8221;210861&#8243;]Durante lo studio, Suo\/a figlio\/a sar\u00e0 assegnato\/a casualmente a ricevere il farmaco sperimentale, o un placebo. Il placebo ha lo stesso aspetto del farmaco sperimentale, ma non contiene il farmaco vero e proprio. In questo modo, i ricercatori potranno fare un confronto con il farmaco in studio.[\/vc_column_text][\/vc_accordion_tab][vc_accordion_tab gutter_size=&#8221;2&#8243; column_padding=&#8221;2&#8243; title=&#8221;Come vengono assegnati i gruppi di trattamento?&#8221; tab_id=&#8221;1679681427751-5-6&#8243;][vc_column_text uncode_shortcode_id=&#8221;393810&#8243;]Viene utilizzato un computer per assegnare casualmente i partecipanti dello studio ai gruppi di trattamento in studio, come se si distribuisse le carte mescolate di un mazzo. Questa operazione viene chiamata randomizzazione.[\/vc_column_text][\/vc_accordion_tab][vc_accordion_tab gutter_size=&#8221;2&#8243; column_padding=&#8221;2&#8243; title=&#8221;Come viene somministrato il trattamento in studio?&#8221; tab_id=&#8221;1679684121336-6-9&#8243;][vc_column_text uncode_shortcode_id=&#8221;183383&#8243;]Il trattamento in studio viene somministrato sotto forma di infusione, cio\u00e8 lentamente attraverso un piccolo ago in una vena. Durante lo studio, Suo\/a figlio\/a ricever\u00e0 un\u2019unica infusione. Questa durer\u00e0 circa 30 minuti.[\/vc_column_text][\/vc_accordion_tab][vc_accordion_tab gutter_size=&#8221;2&#8243; column_padding=&#8221;2&#8243; title=&#8221;Cosa significa farmaco sperimentale?&#8221; tab_id=&#8221;1679684122464-7-3&#8243;][vc_column_text uncode_shortcode_id=&#8221;183227&#8243;]Farmaco sperimentale significa che il farmaco \u00e8 stato studiato in laboratorio ed \u00e8 in fase di studio sulle persone, ma non \u00e8 attualmente approvato per l\u2019uso dalle agenzie regolatorie.[\/vc_column_text][\/vc_accordion_tab][vc_accordion_tab gutter_size=&#8221;2&#8243; column_padding=&#8221;2&#8243; title=&#8221;Che cos&apos;\u00e8 il placebo?&#8221; tab_id=&#8221;1679684123569-8-5&#8243;][vc_column_text uncode_shortcode_id=&#8221;208183&#8243;]Il placebo ha lo stesso aspetto del farmaco sperimentale, ma non contiene alcun farmaco attivo. In questo modo, i ricercatori hanno a disposizione qualcosa da confrontare con il farmaco sperimentale, per comprenderne meglio gli effetti.[\/vc_column_text][\/vc_accordion_tab][vc_accordion_tab gutter_size=&#8221;2&#8243; column_padding=&#8221;2&#8243; title=&#8221;Ci sono effetti collaterali derivanti dal farmaco sperimentale?&#8221; tab_id=&#8221;1679681200410-4-8&#8243;][vc_column_text uncode_shortcode_id=&#8221;128154&#8243;]<span style=\"font-weight: 400;\">Come tutti i farmaci, \u00e8 possibile che si verifichino effetti collaterali, ossia effetti indesiderati e non voluti di un farmaco. La salute di Suo\/a figlio\/a sar\u00e0 monitorata attentamente durante l\u2019intero studio. \u00c8 molto importante informare il medico dello studio se si notano cambiamenti nella salute di Suo\/a figlio\/a o se qualcosa lo\/a preoccupa.<\/span>[\/vc_column_text][\/vc_accordion_tab][\/vc_accordion][\/vc_column][\/vc_row]<\/p>\n","protected":false},"excerpt":{"rendered":"<p>[vc_row row_height_percent=&#8221;90&#8243; override_padding=&#8221;yes&#8221; h_padding=&#8221;2&#8243; top_padding=&#8221;5&#8243; bottom_padding=&#8221;5&#8243; back_color=&#8221;color-105898&#8243; back_image=&#8221;111057&#8243; back_position=&#8221;center top&#8221; overlay_alpha=&#8221;50&#8243; gutter_size=&#8221;4&#8243; column_width_percent=&#8221;100&#8243; shift_y=&#8221;0&#8243; z_index=&#8221;0&#8243; top_divider=&#8221;gradient&#8221; bottom_divider=&#8221;step_3_4&#8243; uncode_shortcode_id=&#8221;206216&#8243; back_color_type=&#8221;uncode-palette&#8221;][vc_column column_width_percent=&#8221;100&#8243; [&hellip;]<\/p>\n","protected":false},"author":5,"featured_media":0,"parent":0,"menu_order":0,"comment_status":"closed","ping_status":"closed","template":"","meta":{"footnotes":""},"class_list":["post-111652","page","type-page","status-publish","hentry"],"aioseo_notices":[],"_links":{"self":[{"href":"https:\/\/stg.prospect2rejoin.com\/it\/wp-json\/wp\/v2\/pages\/111652","targetHints":{"allow":["GET"]}}],"collection":[{"href":"https:\/\/stg.prospect2rejoin.com\/it\/wp-json\/wp\/v2\/pages"}],"about":[{"href":"https:\/\/stg.prospect2rejoin.com\/it\/wp-json\/wp\/v2\/types\/page"}],"author":[{"embeddable":true,"href":"https:\/\/stg.prospect2rejoin.com\/it\/wp-json\/wp\/v2\/users\/5"}],"replies":[{"embeddable":true,"href":"https:\/\/stg.prospect2rejoin.com\/it\/wp-json\/wp\/v2\/comments?post=111652"}],"version-history":[{"count":0,"href":"https:\/\/stg.prospect2rejoin.com\/it\/wp-json\/wp\/v2\/pages\/111652\/revisions"}],"wp:attachment":[{"href":"https:\/\/stg.prospect2rejoin.com\/it\/wp-json\/wp\/v2\/media?parent=111652"}],"curies":[{"name":"wp","href":"https:\/\/api.w.org\/{rel}","templated":true}]}}