{"id":111653,"date":"2022-04-12T21:47:23","date_gmt":"2022-04-12T21:47:23","guid":{"rendered":"https:\/\/stg.prospect2rejoin.com\/perguntas-frequentes\/"},"modified":"2023-10-10T10:27:09","modified_gmt":"2023-10-10T10:27:09","slug":"perguntas-frequentes","status":"publish","type":"page","link":"https:\/\/stg.prospect2rejoin.com\/pt-pt\/perguntas-frequentes\/","title":{"rendered":"Perguntas frequentes"},"content":{"rendered":"<p>[vc_row row_height_percent=&#8221;90&#8243; override_padding=&#8221;yes&#8221; h_padding=&#8221;2&#8243; top_padding=&#8221;5&#8243; bottom_padding=&#8221;5&#8243; back_color=&#8221;color-105898&#8243; back_image=&#8221;111057&#8243; back_position=&#8221;center top&#8221; overlay_alpha=&#8221;50&#8243; gutter_size=&#8221;4&#8243; column_width_percent=&#8221;100&#8243; shift_y=&#8221;0&#8243; z_index=&#8221;0&#8243; top_divider=&#8221;gradient&#8221; bottom_divider=&#8221;step_3_4&#8243; uncode_shortcode_id=&#8221;206216&#8243; back_color_type=&#8221;uncode-palette&#8221;][vc_column column_width_percent=&#8221;100&#8243; position_vertical=&#8221;middle&#8221; gutter_size=&#8221;6&#8243; style=&#8221;dark&#8221; overlay_alpha=&#8221;50&#8243; shift_x=&#8221;0&#8243; shift_y=&#8221;0&#8243; shift_y_down=&#8221;0&#8243; z_index=&#8221;0&#8243; medium_width=&#8221;0&#8243; mobile_width=&#8221;0&#8243; width=&#8221;1\/1&#8243; uncode_shortcode_id=&#8221;744311&#8243;][vc_row_inner row_inner_height_percent=&#8221;0&#8243; overlay_alpha=&#8221;50&#8243; gutter_size=&#8221;4&#8243; shift_y=&#8221;0&#8243; z_index=&#8221;0&#8243; inverted_device_order=&#8221;yes&#8221; limit_content=&#8221;&#8221;][vc_column_inner column_width_percent=&#8221;100&#8243; position_vertical=&#8221;middle&#8221; gutter_size=&#8221;2&#8243; style=&#8221;dark&#8221; overlay_alpha=&#8221;50&#8243; shift_x=&#8221;0&#8243; shift_y=&#8221;0&#8243; shift_y_down=&#8221;0&#8243; z_index=&#8221;0&#8243; medium_width=&#8221;4&#8243; align_mobile=&#8221;align_center_mobile&#8221; mobile_width=&#8221;0&#8243; width=&#8221;7\/12&#8243; uncode_shortcode_id=&#8221;128842&#8243;][vc_custom_heading heading_semantic=&#8221;h1&#8243; text_size=&#8221;fontsize-338686&#8243; text_space=&#8221;fontspace-781688&#8243; uncode_shortcode_id=&#8221;173504&#8243;]Perguntas frequentes[\/vc_custom_heading][vc_empty_space empty_h=&#8221;1&#8243;][vc_empty_space empty_h=&#8221;1&#8243;][\/vc_column_inner][vc_column_inner column_width_percent=&#8221;100&#8243; position_vertical=&#8221;middle&#8221; gutter_size=&#8221;3&#8243; style=&#8221;dark&#8221; overlay_alpha=&#8221;50&#8243; shift_x=&#8221;0&#8243; shift_y=&#8221;0&#8243; shift_y_down=&#8221;0&#8243; z_index=&#8221;0&#8243; medium_width=&#8221;4&#8243; mobile_width=&#8221;0&#8243; width=&#8221;5\/12&#8243; uncode_shortcode_id=&#8221;102100&#8243;][vc_single_image media=&#8221;111063&#8243; media_width_percent=&#8221;100&#8243; alignment=&#8221;center&#8221; uncode_shortcode_id=&#8221;187351&#8243;][\/vc_column_inner][\/vc_row_inner][\/vc_column][\/vc_row][vc_row row_height_percent=&#8221;0&#8243; override_padding=&#8221;yes&#8221; h_padding=&#8221;2&#8243; top_padding=&#8221;4&#8243; bottom_padding=&#8221;4&#8243; overlay_alpha=&#8221;100&#8243; gutter_size=&#8221;100&#8243; column_width_percent=&#8221;100&#8243; shift_y=&#8221;0&#8243; z_index=&#8221;0&#8243; style=&#8221;inherited&#8221; uncode_shortcode_id=&#8221;356548&#8243; row_name=&#8221;questions&#8221;][vc_column column_width_percent=&#8221;100&#8243; gutter_size=&#8221;3&#8243; overlay_alpha=&#8221;50&#8243; shift_x=&#8221;0&#8243; shift_y=&#8221;0&#8243; shift_y_down=&#8221;0&#8243; z_index=&#8221;0&#8243; medium_width=&#8221;0&#8243; mobile_width=&#8221;0&#8243; zoom_width=&#8221;0&#8243; zoom_height=&#8221;0&#8243; width=&#8221;1\/1&#8243; uncode_shortcode_id=&#8221;790384&#8243;][vc_custom_heading heading_semantic=&#8221;h3&#8243; text_size=&#8221;h3&#8243; text_space=&#8221;fontspace-781688&#8243; uncode_shortcode_id=&#8221;813143&#8243;]Perguntas gerais sobre o estudo[\/vc_custom_heading][vc_accordion typography=&#8221;yes&#8221; sign=&#8221;plus&#8221; active_tab=&#8221;0&#8243;][vc_accordion_tab gutter_size=&#8221;2&#8243; column_padding=&#8221;2&#8243; title=&#8221;Quais s\u00e3o as vantagens de participar no estudo cl\u00ednico?&#8221; tab_id=&#8221;ef5915c9-1af0-2&#8243;][vc_column_text uncode_shortcode_id=&#8221;210856&#8243;]\/A adolescente poder\u00e1 ou n\u00e3o beneficiar diretamente da participa\u00e7\u00e3o nos estudos cl\u00ednicos. Contudo, as informa\u00e7\u00f5es recolhidas poder\u00e3o ajudar os m\u00e9dicos a obter mais informa\u00e7\u00f5es sobre como tratar outros adolescentes com enxaqueca cr\u00f3nica no futuro.[\/vc_column_text][\/vc_accordion_tab][vc_accordion_tab gutter_size=&#8221;2&#8243; column_padding=&#8221;2&#8243; title=&#8221;A participa\u00e7\u00e3o do\/a meu\/minha filho\/a no estudo implicar\u00e1 algum custo para mim?&#8221; tab_id=&#8221;0a882431-6c4b-0&#8243;][vc_column_text uncode_shortcode_id=&#8221;125558&#8243;]A participa\u00e7\u00e3o do\/a adolescente nos estudos n\u00e3o implica nenhum custo para si. O\/A adolescente receber\u00e1 o medicamento do estudo (ou o placebo) e far\u00e1 todos os exames do estudo sem qualquer custo para si. Al\u00e9m disso, poder\u00e1 receber reembolsos por algumas despesas de desloca\u00e7\u00e3o para as consultas do estudo.[\/vc_column_text][\/vc_accordion_tab][vc_accordion_tab gutter_size=&#8221;2&#8243; column_padding=&#8221;2&#8243; title=&#8221;Quem \u00e9 o Promotor do estudo?&#8221; tab_id=&#8221;1679681042783-4-1&#8243;][vc_column_text uncode_shortcode_id=&#8221;874842&#8243;]A empresa de sa\u00fade H. Lundbeck A\/S (Lundbeck) \u00e9 o Promotor e o respons\u00e1vel pela realiza\u00e7\u00e3o do Estudo PROSPECT-2.[\/vc_column_text][\/vc_accordion_tab][vc_accordion_tab gutter_size=&#8221;2&#8243; column_padding=&#8221;2&#8243; title=&#8221;O\/a meu\/minha filho\/a tem de ficar no estudo se decidirmos participar?&#8221; tab_id=&#8221;1679681043928-5-10&#8243;][vc_column_text uncode_shortcode_id=&#8221;132814&#8243;]N\u00e3o, a participa\u00e7\u00e3o do\/a adolescente no estudo \u00e9 totalmente volunt\u00e1ria. Se decidirem que o\/a adolescente vai participar no estudo, mas depois mudarem de ideias, ele\/ela pode abandonar o estudo a qualquer momento.[\/vc_column_text][\/vc_accordion_tab][\/vc_accordion][vc_empty_space empty_h=&#8221;3&#8243;][vc_custom_heading heading_semantic=&#8221;h3&#8243; text_size=&#8221;h3&#8243; text_space=&#8221;fontspace-781688&#8243; uncode_shortcode_id=&#8221;420972&#8243;]Perguntas sobre a configura\u00e7\u00e3o do estudo[\/vc_custom_heading][vc_accordion typography=&#8221;yes&#8221; sign=&#8221;plus&#8221; active_tab=&#8221;0&#8243;][vc_accordion_tab gutter_size=&#8221;2&#8243; column_padding=&#8221;2&#8243; title=&#8221;Quanto tempo ir\u00e1 durar o estudo?&#8221; tab_id=&#8221;50e10135-1e62-4&#8243;][vc_column_text uncode_shortcode_id=&#8221;127122&#8243;]O Estudo PROSPECT-2 durar\u00e1 cerca de 16 semanas (4 meses).[\/vc_column_text][\/vc_accordion_tab][vc_accordion_tab gutter_size=&#8221;2&#8243; column_padding=&#8221;2&#8243; title=&#8221;Quantas vezes ter\u00e1 o\/a meu\/minha filho\/a de ir ao centro do estudo?&#8221; tab_id=&#8221;8f0dc6f1-4ec3-5&#8243;][vc_column_text uncode_shortcode_id=&#8221;140670&#8243;]Durante o estudo, o\/a adolescente ter\u00e1 de comparecer no centro do estudo para exames e avalia\u00e7\u00f5es de sa\u00fade cerca de 3 a 4 vezes. Tamb\u00e9m receber\u00e3o chamadas telef\u00f3nicas da equipa do estudo.[\/vc_column_text][\/vc_accordion_tab][\/vc_accordion][vc_empty_space empty_h=&#8221;3&#8243;][vc_custom_heading heading_semantic=&#8221;h3&#8243; text_size=&#8221;h3&#8243; text_space=&#8221;fontspace-781688&#8243; uncode_shortcode_id=&#8221;253019&#8243;]Perguntas sobre o tratamento do estudo[\/vc_custom_heading][vc_accordion typography=&#8221;yes&#8221; sign=&#8221;plus&#8221; active_tab=&#8221;0&#8243;][vc_accordion_tab gutter_size=&#8221;2&#8243; column_padding=&#8221;2&#8243; title=&#8221;Que tratamento ir\u00e1 o\/a meu\/minha filho\/a receber?&#8221; tab_id=&#8221;1679683799349-2-7&#8243;][vc_column_text uncode_shortcode_id=&#8221;210861&#8243;]Durante o estudo, o\/a adolescente ser\u00e1 aleatoriamente atribu\u00eddo\/a para receber o medicamento do estudo, chamado eptinezumab, ou um placebo. O placebo tem um aspeto igual ao eptinezumab, mas n\u00e3o cont\u00e9m nenhum medicamento ativo.[\/vc_column_text][\/vc_accordion_tab][vc_accordion_tab gutter_size=&#8221;2&#8243; column_padding=&#8221;2&#8243; title=&#8221;Como s\u00e3o atribu\u00eddos os grupos de tratamento?&#8221; tab_id=&#8221;1679681427751-5-6&#8243;][vc_column_text uncode_shortcode_id=&#8221;393810&#8243;]Ser\u00e1 utilizado um computador para atribuir aleatoriamente os participantes do estudo a grupos de tratamento do estudo, como uma distribui\u00e7\u00e3o de cartas depois de baralhadas. A isto chama-se aleatoriza\u00e7\u00e3o.[\/vc_column_text][\/vc_accordion_tab][vc_accordion_tab gutter_size=&#8221;2&#8243; column_padding=&#8221;2&#8243; title=&#8221;Como ser\u00e1 administrado o tratamento do estudo?&#8221; tab_id=&#8221;1679684121336-6-9&#8243;][vc_column_text uncode_shortcode_id=&#8221;183383&#8243;]O tratamento do estudo \u00e9 administrado como uma perfus\u00e3o, ou seja, lentamente atrav\u00e9s de uma agulha na veia. Durante o estudo, o\/a adolescente receber\u00e1 uma perfus\u00e3o \u00fanica. A perfus\u00e3o durar\u00e1 cerca de 30 minutos.[\/vc_column_text][\/vc_accordion_tab][vc_accordion_tab gutter_size=&#8221;2&#8243; column_padding=&#8221;2&#8243; title=&#8221;O que significa medicamento experimental?&#8221; tab_id=&#8221;1679684122464-7-3&#8243;][vc_column_text uncode_shortcode_id=&#8221;183227&#8243;]Medicamento experimental significa que o medicamento foi estudado em laborat\u00f3rio e est\u00e1 a ser estudado em pessoas, mas ainda n\u00e3o foi aprovado para utiliza\u00e7\u00e3o pelas ag\u00eancias reguladoras.[\/vc_column_text][\/vc_accordion_tab][vc_accordion_tab gutter_size=&#8221;2&#8243; column_padding=&#8221;2&#8243; title=&#8221;O que \u00e9 o placebo?&#8221; tab_id=&#8221;1679684123569-8-5&#8243;][vc_column_text uncode_shortcode_id=&#8221;208183&#8243;]O placebo tem um aspeto igual ao eptinezumab, mas n\u00e3o inclui nenhum medicamento ativo. Isto permite aos investigadores terem um meio de compara\u00e7\u00e3o com o eptinezumab para perceberem melhor os seus efeitos.[\/vc_column_text][\/vc_accordion_tab][vc_accordion_tab gutter_size=&#8221;2&#8243; column_padding=&#8221;2&#8243; title=&#8221;O eptinezumab tem algum efeito secund\u00e1rio?&#8221; tab_id=&#8221;1679681200410-4-8&#8243;][vc_column_text uncode_shortcode_id=&#8221;128154&#8243;]<span style=\"font-weight: 400;\">Como com qualquer medicamento, existe a possibilidade de efeitos secund\u00e1rios, que s\u00e3o efeitos indesejados e inesperados de um medicamento. A sa\u00fade do\/a adolescente ser\u00e1 monitorizada de perto durante todo o estudo. \u00c9 muito importante informar o m\u00e9dico do estudo se detetar alguma altera\u00e7\u00e3o no estado de sa\u00fade do\/a seu\/sua filho\/a ou se algo o\/a estiver a incomodar.<\/span>[\/vc_column_text][\/vc_accordion_tab][\/vc_accordion][\/vc_column][\/vc_row]<\/p>\n","protected":false},"excerpt":{"rendered":"<p>[vc_row row_height_percent=&#8221;90&#8243; override_padding=&#8221;yes&#8221; h_padding=&#8221;2&#8243; top_padding=&#8221;5&#8243; bottom_padding=&#8221;5&#8243; back_color=&#8221;color-105898&#8243; back_image=&#8221;111057&#8243; back_position=&#8221;center top&#8221; overlay_alpha=&#8221;50&#8243; gutter_size=&#8221;4&#8243; column_width_percent=&#8221;100&#8243; shift_y=&#8221;0&#8243; z_index=&#8221;0&#8243; top_divider=&#8221;gradient&#8221; bottom_divider=&#8221;step_3_4&#8243; uncode_shortcode_id=&#8221;206216&#8243; back_color_type=&#8221;uncode-palette&#8221;][vc_column column_width_percent=&#8221;100&#8243; [&hellip;]<\/p>\n","protected":false},"author":5,"featured_media":0,"parent":0,"menu_order":0,"comment_status":"closed","ping_status":"closed","template":"","meta":{"footnotes":""},"class_list":["post-111653","page","type-page","status-publish","hentry"],"aioseo_notices":[],"_links":{"self":[{"href":"https:\/\/stg.prospect2rejoin.com\/pt-pt\/wp-json\/wp\/v2\/pages\/111653","targetHints":{"allow":["GET"]}}],"collection":[{"href":"https:\/\/stg.prospect2rejoin.com\/pt-pt\/wp-json\/wp\/v2\/pages"}],"about":[{"href":"https:\/\/stg.prospect2rejoin.com\/pt-pt\/wp-json\/wp\/v2\/types\/page"}],"author":[{"embeddable":true,"href":"https:\/\/stg.prospect2rejoin.com\/pt-pt\/wp-json\/wp\/v2\/users\/5"}],"replies":[{"embeddable":true,"href":"https:\/\/stg.prospect2rejoin.com\/pt-pt\/wp-json\/wp\/v2\/comments?post=111653"}],"version-history":[{"count":0,"href":"https:\/\/stg.prospect2rejoin.com\/pt-pt\/wp-json\/wp\/v2\/pages\/111653\/revisions"}],"wp:attachment":[{"href":"https:\/\/stg.prospect2rejoin.com\/pt-pt\/wp-json\/wp\/v2\/media?parent=111653"}],"curies":[{"name":"wp","href":"https:\/\/api.w.org\/{rel}","templated":true}]}}